{"id":556703,"date":"2022-07-18T15:41:05","date_gmt":"2022-07-18T15:41:05","guid":{"rendered":"https:\/\/www.grupoavalco.com\/pim\/?page_id=556703"},"modified":"2023-02-01T11:34:23","modified_gmt":"2023-02-01T11:34:23","slug":"nosotros","status":"publish","type":"page","link":"https:\/\/www.grupoavalco.com\/pim\/korman\/nosotros\/","title":{"rendered":"Nosotros"},"content":{"rendered":"\n<div class=\"wp-block-cover alignfull is-light fondo-completo\" style=\"min-height:694px;aspect-ratio:unset;\"><span aria-hidden=\"true\" class=\"wp-block-cover__background has-white-background-color has-background-dim-100 has-background-dim\"><\/span><div class=\"wp-block-cover__inner-container is-layout-flow wp-block-cover-is-layout-flow\">\n<div class=\"wp-block-columns alignwide is-layout-flex wp-container-core-columns-is-layout-9d6595d7 wp-block-columns-is-layout-flex\">\n<div class=\"wp-block-column is-layout-flow wp-block-column-is-layout-flow\"><div class=\"wp-block-image\">\n<figure class=\"alignleft size-full is-resized\"><img loading=\"lazy\" decoding=\"async\" src=\"https:\/\/www.grupoavalco.com\/pim\/wp-content\/uploads\/2022\/07\/Logo_korman.png\" alt=\"\" class=\"wp-image-556632\" width=\"205\" height=\"43\"\/><\/figure>\n<\/div>\n\n\n<p class=\"has-text-align-left has-text-color has-extra-small-font-size\" style=\"color:#001c3d\">                                                             <br><br>Desde el principio, en KORMAN hemos destacado por la calidad y fiabilidad de nuestros productos. Todos los productos est\u00e1n fabricados con los mejores materiales del mercado, siguiendo paso a paso, a lo largo de su fabricaci\u00f3n, unos estrictos controles de calidad. Esto nos permite satisfacer al profesional m\u00e1s exigente. A la hora de establecer su pol\u00edtica de precios, KORMAN trata de garantizar la mejor relaci\u00f3n calidad\/precio del mercado, asegurando de \u00e9sta forma la satisfacci\u00f3n total tanto del profesional como del cliente.                                 <\/p>\n<\/div>\n\n\n\n<div class=\"wp-block-column is-layout-flow wp-block-column-is-layout-flow\">\n<div class=\"wp-block-group\"><div class=\"wp-block-group__inner-container is-layout-flow wp-block-group-is-layout-flow\">\n<figure class=\"wp-block-embed alignfull is-type-video is-provider-youtube wp-block-embed-youtube wp-embed-aspect-16-9 wp-has-aspect-ratio\"><div class=\"wp-block-embed__wrapper\">\n<iframe loading=\"lazy\" title=\"Korman la marca del profesional.\" width=\"750\" height=\"422\" src=\"https:\/\/www.youtube.com\/embed\/NKNf9mS9g3Y?feature=oembed\" frameborder=\"0\" allow=\"accelerometer; autoplay; clipboard-write; encrypted-media; gyroscope; picture-in-picture; web-share\" allowfullscreen><\/iframe>\n<\/div><\/figure>\n<\/div><\/div>\n<\/div>\n<\/div>\n<\/div><\/div>\n\n\n\n<div class=\"wp-block-group alignwide\" style=\"padding-top:0px;padding-bottom:40px\"><div class=\"wp-block-group__inner-container is-layout-flow wp-block-group-is-layout-flow\">\n<div class=\"wp-block-columns alignwide is-layout-flex wp-container-core-columns-is-layout-9d6595d7 wp-block-columns-is-layout-flex\">\n<div class=\"wp-block-column is-layout-flow wp-block-column-is-layout-flow\">\n<h2 class=\"alignwide has-text-align-center has-text-color wp-block-heading\" style=\"color:#57b3e4\">La <strong>calidad<\/strong> de nuestros <br>productos nos avala<\/h2>\n\n\n\n<p class=\"has-extra-small-font-size\">Altas calidades de los productos KORMAN que se complementan a la perfecci\u00f3n con el dise\u00f1o y la elegancia de la amplia gama de productos de los que disponemos en la que puedes encontrar desde productos qu\u00edmicos para piscinas, hasta cisternas empotradas y descalcificadores pasando por unos vanguardistas muebles de ba\u00f1o y la moderna grifer\u00eda. Adem\u00e1s permiten encontrar la mejor&nbsp;soluci\u00f3n para lograr el mejor ambiente que pueden dise\u00f1ar los instaladores y profesionales aportando al&nbsp;cliente una excelente relaci\u00f3n calidad\/precio<\/p>\n<\/div>\n<\/div>\n<\/div><\/div>\n\n\n\n<div class=\"wp-block-group alignwide\" style=\"padding-bottom:60px\"><div class=\"wp-block-group__inner-container is-layout-flow wp-block-group-is-layout-flow\">\n<div class=\"wp-block-columns alignwide is-layout-flex wp-container-core-columns-is-layout-9d6595d7 wp-block-columns-is-layout-flex\">\n<div class=\"wp-block-column nosotros-tips is-layout-flow wp-block-column-is-layout-flow\"><div class=\"wp-block-image\">\n<figure class=\"aligncenter size-large\"><img loading=\"lazy\" decoding=\"async\" width=\"128\" height=\"106\" src=\"https:\/\/www.grupoavalco.com\/pim\/wp-content\/uploads\/2022\/07\/fontaneria-1.svg\" alt=\"\" class=\"wp-image-556666\"\/><\/figure>\n<\/div>\n\n\n<h2 class=\"has-text-align-center wp-block-heading\">Fontaner\u00eda<\/h2>\n\n\n\n<p class=\"has-text-align-center has-extra-small-font-size\">La importante inversi\u00f3n&nbsp;en I+D+I que realiz\u00f3 KORMAN en fontaner\u00eda da como resultado una amplia gama de productos que han revolucionado el mercado destacando los grupos de presi\u00f3n, los sifones, los adhesivos, y las cisternas.&nbsp; Adem\u00e1s de productos de larga durabilidad y eficiencia que proporcionan a los profesionales poder garantizar al cliente el mejor acabado gracias a las herramientas, esta\u00f1o, grupos contraincendios, conexiones flexibles y v\u00e1lvulas de grifo y jard\u00edn de KORMAN. Una alta calidad y efectividad son caracter\u00edsticas de nuestros productos que encontrar\u00e1s en tu almac\u00e9n de confianza<\/p>\n<\/div>\n\n\n\n<div class=\"wp-block-column nosotros-tips is-layout-flow wp-block-column-is-layout-flow\"><div class=\"wp-block-image\">\n<figure class=\"aligncenter size-large\"><img loading=\"lazy\" decoding=\"async\" width=\"116\" height=\"105\" src=\"https:\/\/www.grupoavalco.com\/pim\/wp-content\/uploads\/2022\/07\/piscinas.svg\" alt=\"\" class=\"wp-image-556664\"\/><\/figure>\n<\/div>\n\n\n<h2 class=\"has-text-align-center wp-block-heading\">Piscinas<\/h2>\n\n\n\n<p class=\"has-text-align-center has-extra-small-font-size\">El mantenimiento y cuidado de las piscinas requiere de productos de total fiabilidad. KORMAN ha desarrollado sus propios productos qu\u00edmicos, limpiafondos, clorador salino y filtros de piscina que cumplen con los mejores est\u00e1ndares de efectividad y que destacan por su excelente relaci\u00f3n calidad\/precio<\/p>\n<\/div>\n\n\n\n<div class=\"wp-block-column nosotros-tips is-layout-flow wp-block-column-is-layout-flow\"><div class=\"wp-block-image\">\n<figure class=\"aligncenter size-large\"><img loading=\"lazy\" decoding=\"async\" width=\"119\" height=\"102\" src=\"https:\/\/www.grupoavalco.com\/pim\/wp-content\/uploads\/2022\/07\/banyos_cocinas.svg\" alt=\"\" class=\"wp-image-556668\"\/><\/figure>\n<\/div>\n\n\n<h2 class=\"has-text-align-center wp-block-heading\">Ba\u00f1os y cocina<\/h2>\n\n\n\n<p class=\"has-text-align-center has-extra-small-font-size\">L\u00edneas suaves y acabados en materiales naturales para conseguir un toque extra de luminosidad y sensaci\u00f3n de amplitud, en definitiva elegancia y comodidad es lo que representa la gama de ba\u00f1os y cocina de KORMAN, en la que destacan los muebles de ba\u00f1o, la grifer\u00eda, las mamparas y los platos de ducha por su sofisticado dise\u00f1o&nbsp;y elegancia imprescindibles en cualquier hogar.<\/p>\n<\/div>\n<\/div>\n<\/div><\/div>\n","protected":false},"excerpt":{"rendered":"<p>La calidad de nuestros productos nos avala Altas calidades de los productos KORMAN que se complementan a la perfecci\u00f3n con el dise\u00f1o y la elegancia de la amplia gama de productos de los que disponemos en la que puedes encontrar desde productos qu\u00edmicos para piscinas, hasta cisternas empotradas y descalcificadores pasando por unos vanguardistas muebles&hellip; <a class=\"more-link\" href=\"https:\/\/www.grupoavalco.com\/pim\/korman\/nosotros\/\">Seguir leyendo <span class=\"screen-reader-text\">Nosotros<\/span><\/a><\/p>\n","protected":false},"author":1,"featured_media":0,"parent":556629,"menu_order":0,"comment_status":"closed","ping_status":"closed","template":"tp-landing-korman-base.php","meta":{"_acf_changed":false,"inline_featured_image":false,"_uag_custom_page_level_css":"","footnotes":""},"class_list":["post-556703","page","type-page","status-publish","hentry","entry"],"acf":[],"yoast_head":"<!-- This site is optimized with the Yoast SEO plugin v26.4 - https:\/\/yoast.com\/wordpress\/plugins\/seo\/ -->\n<title>Nosotros - Avalco<\/title>\n<meta name=\"description\" content=\"KORMAN es la marca propia de Grupo Avalco. Especializada Ba\u00f1os, Cocinas, Piscinas, Fontaner\u00eda, Bombas, Grupos de presi\u00f3n, Tratamiento de agua\" \/>\n<meta name=\"robots\" content=\"noindex, nofollow\" \/>\n<meta property=\"og:locale\" content=\"es_ES\" \/>\n<meta property=\"og:type\" content=\"article\" \/>\n<meta property=\"og:title\" content=\"Nosotros - Avalco\" \/>\n<meta property=\"og:description\" content=\"KORMAN es la marca propia de Grupo Avalco. Especializada Ba\u00f1os, Cocinas, Piscinas, Fontaner\u00eda, Bombas, Grupos de presi\u00f3n, Tratamiento de agua\" \/>\n<meta property=\"og:url\" content=\"https:\/\/www.grupoavalco.com\/pim\/korman\/nosotros\/\" \/>\n<meta property=\"og:site_name\" content=\"Avalco\" \/>\n<meta property=\"article:modified_time\" content=\"2023-02-01T11:34:23+00:00\" \/>\n<meta property=\"og:image\" content=\"https:\/\/www.grupoavalco.com\/pim\/wp-content\/uploads\/2022\/07\/Logo_korman.png\" \/>\n<meta name=\"twitter:card\" content=\"summary_large_image\" \/>\n<meta name=\"twitter:label1\" content=\"Tiempo de lectura\" \/>\n\t<meta name=\"twitter:data1\" content=\"3 minutos\" \/>\n<script type=\"application\/ld+json\" class=\"yoast-schema-graph\">{\"@context\":\"https:\/\/schema.org\",\"@graph\":[{\"@type\":\"WebPage\",\"@id\":\"https:\/\/www.grupoavalco.com\/pim\/korman\/nosotros\/\",\"url\":\"https:\/\/www.grupoavalco.com\/pim\/korman\/nosotros\/\",\"name\":\"Nosotros - Avalco\",\"isPartOf\":{\"@id\":\"https:\/\/www.grupoavalco.com\/pim\/#website\"},\"primaryImageOfPage\":{\"@id\":\"https:\/\/www.grupoavalco.com\/pim\/korman\/nosotros\/#primaryimage\"},\"image\":{\"@id\":\"https:\/\/www.grupoavalco.com\/pim\/korman\/nosotros\/#primaryimage\"},\"thumbnailUrl\":\"https:\/\/www.grupoavalco.com\/pim\/wp-content\/uploads\/2022\/07\/Logo_korman.png\",\"datePublished\":\"2022-07-18T15:41:05+00:00\",\"dateModified\":\"2023-02-01T11:34:23+00:00\",\"description\":\"KORMAN es la marca propia de Grupo Avalco. Especializada Ba\u00f1os, Cocinas, Piscinas, Fontaner\u00eda, Bombas, Grupos de presi\u00f3n, Tratamiento de agua\",\"breadcrumb\":{\"@id\":\"https:\/\/www.grupoavalco.com\/pim\/korman\/nosotros\/#breadcrumb\"},\"inLanguage\":\"es\",\"potentialAction\":[{\"@type\":\"ReadAction\",\"target\":[\"https:\/\/www.grupoavalco.com\/pim\/korman\/nosotros\/\"]}]},{\"@type\":\"ImageObject\",\"inLanguage\":\"es\",\"@id\":\"https:\/\/www.grupoavalco.com\/pim\/korman\/nosotros\/#primaryimage\",\"url\":\"https:\/\/www.grupoavalco.com\/pim\/wp-content\/uploads\/2022\/07\/Logo_korman.png\",\"contentUrl\":\"https:\/\/www.grupoavalco.com\/pim\/wp-content\/uploads\/2022\/07\/Logo_korman.png\",\"width\":205,\"height\":43},{\"@type\":\"BreadcrumbList\",\"@id\":\"https:\/\/www.grupoavalco.com\/pim\/korman\/nosotros\/#breadcrumb\",\"itemListElement\":[{\"@type\":\"ListItem\",\"position\":1,\"name\":\"Portada\",\"item\":\"https:\/\/www.grupoavalco.com\/pim\/\"},{\"@type\":\"ListItem\",\"position\":2,\"name\":\"Korman\",\"item\":\"https:\/\/www.grupoavalco.com\/pim\/korman\/\"},{\"@type\":\"ListItem\",\"position\":3,\"name\":\"Nosotros\"}]},{\"@type\":\"WebSite\",\"@id\":\"https:\/\/www.grupoavalco.com\/pim\/#website\",\"url\":\"https:\/\/www.grupoavalco.com\/pim\/\",\"name\":\"Avalco\",\"description\":\"Avalco PIMweb\",\"publisher\":{\"@id\":\"https:\/\/www.grupoavalco.com\/pim\/#organization\"},\"potentialAction\":[{\"@type\":\"SearchAction\",\"target\":{\"@type\":\"EntryPoint\",\"urlTemplate\":\"https:\/\/www.grupoavalco.com\/pim\/?s={search_term_string}\"},\"query-input\":{\"@type\":\"PropertyValueSpecification\",\"valueRequired\":true,\"valueName\":\"search_term_string\"}}],\"inLanguage\":\"es\"},{\"@type\":\"Organization\",\"@id\":\"https:\/\/www.grupoavalco.com\/pim\/#organization\",\"name\":\"Avalco\",\"url\":\"https:\/\/www.grupoavalco.com\/pim\/\",\"logo\":{\"@type\":\"ImageObject\",\"inLanguage\":\"es\",\"@id\":\"https:\/\/www.grupoavalco.com\/pim\/#\/schema\/logo\/image\/\",\"url\":\"https:\/\/www.grupoavalco.com\/pim\/wp-content\/uploads\/2021\/11\/logoAvalco.png\",\"contentUrl\":\"https:\/\/www.grupoavalco.com\/pim\/wp-content\/uploads\/2021\/11\/logoAvalco.png\",\"width\":194,\"height\":36,\"caption\":\"Avalco\"},\"image\":{\"@id\":\"https:\/\/www.grupoavalco.com\/pim\/#\/schema\/logo\/image\/\"}}]}<\/script>\n<!-- \/ Yoast SEO plugin. -->","yoast_head_json":{"title":"Nosotros - Avalco","description":"KORMAN es la marca propia de Grupo Avalco. Especializada Ba\u00f1os, Cocinas, Piscinas, Fontaner\u00eda, Bombas, Grupos de presi\u00f3n, Tratamiento de agua","robots":{"index":"noindex","follow":"nofollow"},"og_locale":"es_ES","og_type":"article","og_title":"Nosotros - Avalco","og_description":"KORMAN es la marca propia de Grupo Avalco. Especializada Ba\u00f1os, Cocinas, Piscinas, Fontaner\u00eda, Bombas, Grupos de presi\u00f3n, Tratamiento de agua","og_url":"https:\/\/www.grupoavalco.com\/pim\/korman\/nosotros\/","og_site_name":"Avalco","article_modified_time":"2023-02-01T11:34:23+00:00","og_image":[{"url":"https:\/\/www.grupoavalco.com\/pim\/wp-content\/uploads\/2022\/07\/Logo_korman.png","type":"","width":"","height":""}],"twitter_card":"summary_large_image","twitter_misc":{"Tiempo de lectura":"3 minutos"},"schema":{"@context":"https:\/\/schema.org","@graph":[{"@type":"WebPage","@id":"https:\/\/www.grupoavalco.com\/pim\/korman\/nosotros\/","url":"https:\/\/www.grupoavalco.com\/pim\/korman\/nosotros\/","name":"Nosotros - Avalco","isPartOf":{"@id":"https:\/\/www.grupoavalco.com\/pim\/#website"},"primaryImageOfPage":{"@id":"https:\/\/www.grupoavalco.com\/pim\/korman\/nosotros\/#primaryimage"},"image":{"@id":"https:\/\/www.grupoavalco.com\/pim\/korman\/nosotros\/#primaryimage"},"thumbnailUrl":"https:\/\/www.grupoavalco.com\/pim\/wp-content\/uploads\/2022\/07\/Logo_korman.png","datePublished":"2022-07-18T15:41:05+00:00","dateModified":"2023-02-01T11:34:23+00:00","description":"KORMAN es la marca propia de Grupo Avalco. Especializada Ba\u00f1os, Cocinas, Piscinas, Fontaner\u00eda, Bombas, Grupos de presi\u00f3n, Tratamiento de agua","breadcrumb":{"@id":"https:\/\/www.grupoavalco.com\/pim\/korman\/nosotros\/#breadcrumb"},"inLanguage":"es","potentialAction":[{"@type":"ReadAction","target":["https:\/\/www.grupoavalco.com\/pim\/korman\/nosotros\/"]}]},{"@type":"ImageObject","inLanguage":"es","@id":"https:\/\/www.grupoavalco.com\/pim\/korman\/nosotros\/#primaryimage","url":"https:\/\/www.grupoavalco.com\/pim\/wp-content\/uploads\/2022\/07\/Logo_korman.png","contentUrl":"https:\/\/www.grupoavalco.com\/pim\/wp-content\/uploads\/2022\/07\/Logo_korman.png","width":205,"height":43},{"@type":"BreadcrumbList","@id":"https:\/\/www.grupoavalco.com\/pim\/korman\/nosotros\/#breadcrumb","itemListElement":[{"@type":"ListItem","position":1,"name":"Portada","item":"https:\/\/www.grupoavalco.com\/pim\/"},{"@type":"ListItem","position":2,"name":"Korman","item":"https:\/\/www.grupoavalco.com\/pim\/korman\/"},{"@type":"ListItem","position":3,"name":"Nosotros"}]},{"@type":"WebSite","@id":"https:\/\/www.grupoavalco.com\/pim\/#website","url":"https:\/\/www.grupoavalco.com\/pim\/","name":"Avalco","description":"Avalco PIMweb","publisher":{"@id":"https:\/\/www.grupoavalco.com\/pim\/#organization"},"potentialAction":[{"@type":"SearchAction","target":{"@type":"EntryPoint","urlTemplate":"https:\/\/www.grupoavalco.com\/pim\/?s={search_term_string}"},"query-input":{"@type":"PropertyValueSpecification","valueRequired":true,"valueName":"search_term_string"}}],"inLanguage":"es"},{"@type":"Organization","@id":"https:\/\/www.grupoavalco.com\/pim\/#organization","name":"Avalco","url":"https:\/\/www.grupoavalco.com\/pim\/","logo":{"@type":"ImageObject","inLanguage":"es","@id":"https:\/\/www.grupoavalco.com\/pim\/#\/schema\/logo\/image\/","url":"https:\/\/www.grupoavalco.com\/pim\/wp-content\/uploads\/2021\/11\/logoAvalco.png","contentUrl":"https:\/\/www.grupoavalco.com\/pim\/wp-content\/uploads\/2021\/11\/logoAvalco.png","width":194,"height":36,"caption":"Avalco"},"image":{"@id":"https:\/\/www.grupoavalco.com\/pim\/#\/schema\/logo\/image\/"}}]}},"uagb_featured_image_src":{"full":false,"thumbnail":false,"medium":false,"medium_large":false,"large":false,"1536x1536":false,"2048x2048":false,"post-thumbnail":false},"uagb_author_info":{"display_name":"7ac8961b9e","author_link":"https:\/\/www.grupoavalco.com\/pim\/author\/kike\/"},"uagb_comment_info":0,"uagb_excerpt":"La calidad de nuestros productos nos avala Altas calidades de los productos KORMAN que se complementan a la perfecci\u00f3n con el dise\u00f1o y la elegancia de la amplia gama de productos de los que disponemos en la que puedes encontrar desde productos qu\u00edmicos para piscinas, hasta cisternas empotradas y descalcificadores pasando por unos vanguardistas muebles&hellip;&hellip;","_links":{"self":[{"href":"https:\/\/www.grupoavalco.com\/pim\/wp-json\/wp\/v2\/pages\/556703","targetHints":{"allow":["GET"]}}],"collection":[{"href":"https:\/\/www.grupoavalco.com\/pim\/wp-json\/wp\/v2\/pages"}],"about":[{"href":"https:\/\/www.grupoavalco.com\/pim\/wp-json\/wp\/v2\/types\/page"}],"author":[{"embeddable":true,"href":"https:\/\/www.grupoavalco.com\/pim\/wp-json\/wp\/v2\/users\/1"}],"replies":[{"embeddable":true,"href":"https:\/\/www.grupoavalco.com\/pim\/wp-json\/wp\/v2\/comments?post=556703"}],"version-history":[{"count":35,"href":"https:\/\/www.grupoavalco.com\/pim\/wp-json\/wp\/v2\/pages\/556703\/revisions"}],"predecessor-version":[{"id":557263,"href":"https:\/\/www.grupoavalco.com\/pim\/wp-json\/wp\/v2\/pages\/556703\/revisions\/557263"}],"up":[{"embeddable":true,"href":"https:\/\/www.grupoavalco.com\/pim\/wp-json\/wp\/v2\/pages\/556629"}],"wp:attachment":[{"href":"https:\/\/www.grupoavalco.com\/pim\/wp-json\/wp\/v2\/media?parent=556703"}],"curies":[{"name":"wp","href":"https:\/\/api.w.org\/{rel}","templated":true}]}}