{"id":557153,"date":"2022-12-23T08:28:42","date_gmt":"2022-12-23T08:28:42","guid":{"rendered":"https:\/\/www.grupoavalco.com\/pim\/?page_id=557153"},"modified":"2022-12-23T09:20:27","modified_gmt":"2022-12-23T09:20:27","slug":"condiciones-de-uso","status":"publish","type":"page","link":"https:\/\/www.grupoavalco.com\/pim\/korman\/condiciones-de-uso\/","title":{"rendered":"Condiciones de uso"},"content":{"rendered":"\n<div class=\"wp-block-uagb-container condiciones-uso uagb-block-02e28e01 alignwide uagb-is-root-container\">\n<h3 class=\"wp-block-heading\">Condiciones de uso<\/h3>\n\n\n\n<p class=\"condiciones-uso\">En cumplimiento de la Ley 34\/2002, de 11 de julio, de Servicios de la Sociedad de la Informaci\u00f3n y de Comercio Electr\u00f3nico (LSSI-CE), AVALCO AGRUPACION DE ALMACENISTAS DE FONTANERIA Y CLIMATIZACION SL informa que es titular del sitio web&nbsp;<a href=\"http:\/\/www.grupoavalco.com\/\">www.grupoavalco.com<\/a>&nbsp;. De acuerdo con la exigencia del art\u00edculo 10 de la citada Ley, AVALCO AGRUPACION DE ALMACENISTAS DE FONTANERIA Y CLIMATIZACION SL informa de los siguientes datos:<\/p>\n\n\n\n<p class=\"condiciones-uso\">El titular de este sitio web es AVALCO AGRUPACION DE ALMACENISTAS DE FONTANERIA Y CLIMATIZACION SL, con CIF B98121544 y domicilio social en MALUQUER 4 ENTLO 1-2 46007, VALENCIA, inscrita en el Registro Mercantil, en el tomo 9070, folio 193, hoja V135107 e inscripci\u00f3n 6354. La direcci\u00f3n de correo electr\u00f3nico de contacto con la empresa es:&nbsp;<a href=\"mailto:administracion@grupoavalco.com\">administracion@grupoavalco.com<\/a>&nbsp;.<\/p>\n\n\n\n<h5 class=\"titulo-condiciones wp-block-heading\"><strong>USUARIO Y R\u00c9GIMEN DE RESPONSABILIDADES<\/strong><\/h5>\n\n\n\n<p class=\"condiciones-uso\">La navegaci\u00f3n, acceso y uso por el sitio web de AVALCO AGRUPACION DE ALMACENISTAS DE FONTANERIA Y CLIMATIZACION SL confiere la condici\u00f3n de usuario, por la que se aceptan, desde la navegaci\u00f3n por el sitio web de AVALCO AGRUPACION DE ALMACENISTAS DE FONTANERIA Y CLIMATIZACION SL, todas las condiciones de uso aqu\u00ed establecidas sin perjuicio de la aplicaci\u00f3n de la correspondiente normativa de obligado cumplimiento legal seg\u00fan el caso.<\/p>\n\n\n\n<p class=\"condiciones-uso\">El sitio web de AVALCO AGRUPACION DE ALMACENISTAS DE FONTANERIA Y CLIMATIZACION SL proporciona gran diversidad de informaci\u00f3n, servicios y datos. El usuario asume su responsabilidad en el uso correcto del sitio web. Esta responsabilidad se extender\u00e1 a:<\/p>\n\n\n\n<ul class=\"wp-block-list\">\n<li class=\"condiciones-uso\">La veracidad y licitud de las informaciones aportadas por el usuario en los formularios extendidos por AVALCO AGRUPACION DE ALMACENISTAS DE FONTANERIA Y CLIMATIZACION SL para el acceso a ciertos contenidos o servicios ofrecidos por el web.<\/li>\n<\/ul>\n\n\n\n<ul class=\"wp-block-list\">\n<li class=\"condiciones-uso\">El uso de la informaci\u00f3n, servicios y datos ofrecidos por AVALCO AGRUPACION DE ALMACENISTAS DE FONTANERIA Y CLIMATIZACION SL contrariamente a lo dispuesto por las presentes condiciones, la Ley, la moral, las buenas costumbres o el orden p\u00fablico, o que de cualquier otro modo puedan suponer lesi\u00f3n de los derechos de terceros o del mismo funcionamiento del sitio web.<\/li>\n<\/ul>\n\n\n\n<h5 class=\"titulo-condiciones wp-block-heading\"><strong>POL\u00cdTICA DE ENLACES Y EXENCIONES DE RESPONSABILIDAD<\/strong><\/h5>\n\n\n\n<p class=\"condiciones-uso\">AVALCO AGRUPACION DE ALMACENISTAS DE FONTANERIA Y CLIMATIZACION SL no se hace responsable del contenido de los sitios web a los que el usuario pueda acceder a trav\u00e9s de los enlaces establecidos en su sitio web y declara que en ning\u00fan caso proceder\u00e1 a examinar o ejercitar ning\u00fan tipo de control sobre el contenido de otros sitios de la red. Asimismo, tampoco garantizar\u00e1 la disponibilidad t\u00e9cnica, exactitud, veracidad, validez o legalidad de sitios ajenos a su propiedad a los que se pueda acceder por medio de los enlaces.<\/p>\n\n\n\n<p class=\"condiciones-uso\">AVALCO AGRUPACION DE ALMACENISTAS DE FONTANERIA Y CLIMATIZACION SL declara haber adoptado todas las medidas necesarias para evitar cualquier da\u00f1o a los usuarios de su sitio web, que pudieran derivarse de la navegaci\u00f3n por su sitio web. En consecuencia, AVALCO AGRUPACION DE ALMACENISTAS DE FONTANERIA Y CLIMATIZACION SL no se hace responsable, en ning\u00fan caso, de los eventuales da\u00f1os que por la navegaci\u00f3n por Internet pudiera sufrir el usuario.<\/p>\n\n\n\n<h5 class=\"titulo-condiciones wp-block-heading\"><strong>MODIFICACIONES<\/strong><\/h5>\n\n\n\n<p class=\"condiciones-uso\">AVALCO AGRUPACION DE ALMACENISTAS DE FONTANERIA Y CLIMATIZACION SL se reserva el derecho a realizar las modificaciones que considere oportunas, sin aviso previo, en el contenido de su sitio web. Tanto en lo referente a los contenidos del sitio web, como en las condiciones de uso del mismo. Dichas modificaciones podr\u00e1n realizarse a trav\u00e9s de su sitio web por cualquier forma admisible en derecho y ser\u00e1n de obligado cumplimiento durante el tiempo en que se encuentren publicadas en la web y hasta que no sean modificadas v\u00e1lidamente por otras posteriores.<\/p>\n\n\n\n<h5 class=\"titulo-condiciones wp-block-heading\"><strong>PROTECCI\u00d3N DE DATOS<\/strong><\/h5>\n\n\n\n<p class=\"condiciones-uso\">De conformidad con lo que establece la Ley Org\u00e1nica 15\/1999 de Protecci\u00f3n de Datos de Car\u00e1cter Personal (LOPD), AVALCO AGRUPACION DE ALMACENISTAS DE FONTANERIA Y CLIMATIZACION SL informa a los usuarios de su sitio web que los datos personales recabados por la empresa, mediante los formularios sitos en sus p\u00e1ginas, ser\u00e1n introducidos en un fichero automatizado bajo la responsabilidad de AVALCO AGRUPACION DE ALMACENISTAS DE FONTANERIA Y CLIMATIZACION SL, con la finalidad de poder facilitar, agilizar y cumplir los compromisos establecidos entre ambas partes.<\/p>\n\n\n\n<p class=\"condiciones-uso\">Asimismo, AVALCO AGRUPACION DE ALMACENISTAS DE FONTANERIA Y CLIMATIZACION SL informa de la posibilidad de ejercer los derechos de acceso, rectificaci\u00f3n, cancelaci\u00f3n y oposici\u00f3n mediante un escrito a la direcci\u00f3n: MALUQUER 4 ENTLO 1-2 46007, VALENCIA.<\/p>\n\n\n\n<p class=\"condiciones-uso\">Mientras el usuario no comunique lo contrario a AVALCO AGRUPACION DE ALMACENISTAS DE FONTANERIA Y CLIMATIZACION SL, \u00e9sta entender\u00e1 que sus datos no han sido modificados, que el usuario se compromete a notificar a AVALCO AGRUPACION DE ALMACENISTAS DE FONTANERIA Y CLIMATIZACION SL cualquier variaci\u00f3n y que AVALCO AGRUPACION DE ALMACENISTAS DE FONTANERIA Y CLIMATIZACION SL tiene el consentimiento para utilizarlos a fin de poder fidelizar la relaci\u00f3n entre las partes.<\/p>\n\n\n\n<h5 class=\"titulo-condiciones wp-block-heading\"><strong>PROPIEDAD INTELECTUAL E INDUSTRIAL<\/strong><\/h5>\n\n\n\n<p class=\"condiciones-uso\">AVALCO AGRUPACION DE ALMACENISTAS DE FONTANERIA Y CLIMATIZACION SL por s\u00ed misma o como cesionaria, es titular de todos los derechos de propiedad intelectual e industrial de su p\u00e1gina web, as\u00ed como de los elementos contenidos en la misma (a t\u00edtulo enunciativo, im\u00e1genes, sonido, audio, v\u00eddeo, software o textos; marcas o logotipos, combinaciones de colores, estructura y dise\u00f1o, selecci\u00f3n de materiales usados, programas de ordenador necesarios para su funcionamiento, acceso y uso, etc.), titularidad de AVALCO AGRUPACION DE ALMACENISTAS DE FONTANERIA Y CLIMATIZACION SL. Ser\u00e1n, por consiguiente, obras protegidas como propiedad intelectual por el ordenamiento jur\u00eddico espa\u00f1ol, si\u00e9ndoles aplicables tanto la normativa espa\u00f1ola y comunitaria en este campo, como los tratados internacionales relativos a la materia y suscritos por Espa\u00f1a.<\/p>\n\n\n\n<p class=\"condiciones-uso\">Todos los derechos reservados. En virtud de lo dispuesto en los art\u00edculos 8 y 32.1, p\u00e1rrafo segundo, de la Ley de Propiedad Intelectual, quedan expresamente prohibidas la reproducci\u00f3n, la distribuci\u00f3n y la comunicaci\u00f3n p\u00fablica, incluida su modalidad de puesta a disposici\u00f3n, de la totalidad o parte de los contenidos de esta p\u00e1gina web, con fines comerciales, en cualquier soporte y por cualquier medio t\u00e9cnico, sin la autorizaci\u00f3n de AVALCO AGRUPACION DE ALMACENISTAS DE FONTANERIA Y CLIMATIZACION SL.<\/p>\n\n\n\n<p class=\"condiciones-uso\">El usuario se compromete a respetar los derechos de Propiedad Intelectual e Industrial titularidad de AVALCO AGRUPACION DE ALMACENISTAS DE FONTANERIA Y CLIMATIZACION SL. Podr\u00e1 visualizar los elementos del portal e incluso imprimirlos, copiarlos y almacenarlos en el disco duro de su ordenador o en cualquier otro soporte f\u00edsico siempre y cuando sea, \u00fanica y exclusivamente, para su uso personal y privado. El usuario deber\u00e1 abstenerse de suprimir, alterar, eludir o manipular cualquier dispositivo de protecci\u00f3n o sistema de seguridad que estuviera instalado en las p\u00e1ginas de AVALCO AGRUPACION DE ALMACENISTAS DE FONTANERIA Y CLIMATIZACION SL.<\/p>\n\n\n\n<h5 class=\"titulo-condiciones wp-block-heading\"><strong>ACCIONES LEGALES, LEGISLACI\u00d3N APLICABLE Y JURISDICCI\u00d3N<\/strong><\/h5>\n\n\n\n<p class=\"condiciones-uso\">AVALCO AGRUPACION DE ALMACENISTAS DE FONTANERIA Y CLIMATIZACION SL se reserva, asimismo, la facultad de presentar las acciones civiles o penales que considere oportunas por la utilizaci\u00f3n indebida de su sitio web y contenidos, o por el incumplimiento de las presentes condiciones.<\/p>\n\n\n\n<p class=\"condiciones-uso\">La relaci\u00f3n entre el usuario y el prestador se regir\u00e1 por la normativa vigente y de aplicaci\u00f3n en el territorio espa\u00f1ol. De surgir cualquier controversia las partes podr\u00e1n someter sus conflictos a arbitraje o acudir a la jurisdicci\u00f3n ordinaria cumpliendo con las normas sobre jurisdicci\u00f3n y competencia al respecto. AVALCO AGRUPACION DE ALMACENISTAS DE FONTANERIA Y CLIMATIZACION SL tiene su domicilio en VALENCIA, Espa\u00f1a.<\/p>\n\n\n\n<div style=\"height:100px\" aria-hidden=\"true\" class=\"wp-block-spacer\"><\/div>\n<\/div>\n","protected":false},"excerpt":{"rendered":"<p>Condiciones de uso En cumplimiento de la Ley 34\/2002, de 11 de julio, de Servicios de la Sociedad de la Informaci\u00f3n y de Comercio Electr\u00f3nico (LSSI-CE), AVALCO AGRUPACION DE ALMACENISTAS DE FONTANERIA Y CLIMATIZACION SL informa que es titular del sitio web&nbsp;www.grupoavalco.com&nbsp;. De acuerdo con la exigencia del art\u00edculo 10 de la citada Ley, AVALCO&hellip; <a class=\"more-link\" href=\"https:\/\/www.grupoavalco.com\/pim\/korman\/condiciones-de-uso\/\">Seguir leyendo <span class=\"screen-reader-text\">Condiciones de uso<\/span><\/a><\/p>\n","protected":false},"author":1,"featured_media":0,"parent":556629,"menu_order":0,"comment_status":"closed","ping_status":"closed","template":"tp-landing-korman-base.php","meta":{"_acf_changed":false,"inline_featured_image":false,"_uag_custom_page_level_css":"","footnotes":""},"class_list":["post-557153","page","type-page","status-publish","hentry","entry"],"acf":[],"yoast_head":"<!-- This site is optimized with the Yoast SEO plugin v26.4 - https:\/\/yoast.com\/wordpress\/plugins\/seo\/ -->\n<title>Condiciones de uso - Avalco<\/title>\n<meta name=\"robots\" content=\"index, follow, max-snippet:-1, max-image-preview:large, max-video-preview:-1\" \/>\n<link rel=\"canonical\" href=\"https:\/\/www.grupoavalco.com\/pim\/korman\/condiciones-de-uso\/\" \/>\n<meta property=\"og:locale\" content=\"es_ES\" \/>\n<meta property=\"og:type\" content=\"article\" \/>\n<meta property=\"og:title\" content=\"Condiciones de uso - Avalco\" \/>\n<meta property=\"og:description\" content=\"Condiciones de uso En cumplimiento de la Ley 34\/2002, de 11 de julio, de Servicios de la Sociedad de la Informaci\u00f3n y de Comercio Electr\u00f3nico (LSSI-CE), AVALCO AGRUPACION DE ALMACENISTAS DE FONTANERIA Y CLIMATIZACION SL informa que es titular del sitio web&nbsp;www.grupoavalco.com&nbsp;. De acuerdo con la exigencia del art\u00edculo 10 de la citada Ley, AVALCO&hellip; Seguir leyendo Condiciones de uso\" \/>\n<meta property=\"og:url\" content=\"https:\/\/www.grupoavalco.com\/pim\/korman\/condiciones-de-uso\/\" \/>\n<meta property=\"og:site_name\" content=\"Avalco\" \/>\n<meta property=\"article:modified_time\" content=\"2022-12-23T09:20:27+00:00\" \/>\n<meta name=\"twitter:card\" content=\"summary_large_image\" \/>\n<meta name=\"twitter:label1\" content=\"Tiempo de lectura\" \/>\n\t<meta name=\"twitter:data1\" content=\"6 minutos\" \/>\n<script type=\"application\/ld+json\" class=\"yoast-schema-graph\">{\"@context\":\"https:\/\/schema.org\",\"@graph\":[{\"@type\":\"WebPage\",\"@id\":\"https:\/\/www.grupoavalco.com\/pim\/korman\/condiciones-de-uso\/\",\"url\":\"https:\/\/www.grupoavalco.com\/pim\/korman\/condiciones-de-uso\/\",\"name\":\"Condiciones de uso - Avalco\",\"isPartOf\":{\"@id\":\"https:\/\/www.grupoavalco.com\/pim\/#website\"},\"datePublished\":\"2022-12-23T08:28:42+00:00\",\"dateModified\":\"2022-12-23T09:20:27+00:00\",\"breadcrumb\":{\"@id\":\"https:\/\/www.grupoavalco.com\/pim\/korman\/condiciones-de-uso\/#breadcrumb\"},\"inLanguage\":\"es\",\"potentialAction\":[{\"@type\":\"ReadAction\",\"target\":[\"https:\/\/www.grupoavalco.com\/pim\/korman\/condiciones-de-uso\/\"]}]},{\"@type\":\"BreadcrumbList\",\"@id\":\"https:\/\/www.grupoavalco.com\/pim\/korman\/condiciones-de-uso\/#breadcrumb\",\"itemListElement\":[{\"@type\":\"ListItem\",\"position\":1,\"name\":\"Portada\",\"item\":\"https:\/\/www.grupoavalco.com\/pim\/\"},{\"@type\":\"ListItem\",\"position\":2,\"name\":\"Korman\",\"item\":\"https:\/\/www.grupoavalco.com\/pim\/korman\/\"},{\"@type\":\"ListItem\",\"position\":3,\"name\":\"Condiciones de uso\"}]},{\"@type\":\"WebSite\",\"@id\":\"https:\/\/www.grupoavalco.com\/pim\/#website\",\"url\":\"https:\/\/www.grupoavalco.com\/pim\/\",\"name\":\"Avalco\",\"description\":\"Avalco PIMweb\",\"publisher\":{\"@id\":\"https:\/\/www.grupoavalco.com\/pim\/#organization\"},\"potentialAction\":[{\"@type\":\"SearchAction\",\"target\":{\"@type\":\"EntryPoint\",\"urlTemplate\":\"https:\/\/www.grupoavalco.com\/pim\/?s={search_term_string}\"},\"query-input\":{\"@type\":\"PropertyValueSpecification\",\"valueRequired\":true,\"valueName\":\"search_term_string\"}}],\"inLanguage\":\"es\"},{\"@type\":\"Organization\",\"@id\":\"https:\/\/www.grupoavalco.com\/pim\/#organization\",\"name\":\"Avalco\",\"url\":\"https:\/\/www.grupoavalco.com\/pim\/\",\"logo\":{\"@type\":\"ImageObject\",\"inLanguage\":\"es\",\"@id\":\"https:\/\/www.grupoavalco.com\/pim\/#\/schema\/logo\/image\/\",\"url\":\"https:\/\/www.grupoavalco.com\/pim\/wp-content\/uploads\/2021\/11\/logoAvalco.png\",\"contentUrl\":\"https:\/\/www.grupoavalco.com\/pim\/wp-content\/uploads\/2021\/11\/logoAvalco.png\",\"width\":194,\"height\":36,\"caption\":\"Avalco\"},\"image\":{\"@id\":\"https:\/\/www.grupoavalco.com\/pim\/#\/schema\/logo\/image\/\"}}]}<\/script>\n<!-- \/ Yoast SEO plugin. -->","yoast_head_json":{"title":"Condiciones de uso - Avalco","robots":{"index":"index","follow":"follow","max-snippet":"max-snippet:-1","max-image-preview":"max-image-preview:large","max-video-preview":"max-video-preview:-1"},"canonical":"https:\/\/www.grupoavalco.com\/pim\/korman\/condiciones-de-uso\/","og_locale":"es_ES","og_type":"article","og_title":"Condiciones de uso - Avalco","og_description":"Condiciones de uso En cumplimiento de la Ley 34\/2002, de 11 de julio, de Servicios de la Sociedad de la Informaci\u00f3n y de Comercio Electr\u00f3nico (LSSI-CE), AVALCO AGRUPACION DE ALMACENISTAS DE FONTANERIA Y CLIMATIZACION SL informa que es titular del sitio web&nbsp;www.grupoavalco.com&nbsp;. De acuerdo con la exigencia del art\u00edculo 10 de la citada Ley, AVALCO&hellip; Seguir leyendo Condiciones de uso","og_url":"https:\/\/www.grupoavalco.com\/pim\/korman\/condiciones-de-uso\/","og_site_name":"Avalco","article_modified_time":"2022-12-23T09:20:27+00:00","twitter_card":"summary_large_image","twitter_misc":{"Tiempo de lectura":"6 minutos"},"schema":{"@context":"https:\/\/schema.org","@graph":[{"@type":"WebPage","@id":"https:\/\/www.grupoavalco.com\/pim\/korman\/condiciones-de-uso\/","url":"https:\/\/www.grupoavalco.com\/pim\/korman\/condiciones-de-uso\/","name":"Condiciones de uso - Avalco","isPartOf":{"@id":"https:\/\/www.grupoavalco.com\/pim\/#website"},"datePublished":"2022-12-23T08:28:42+00:00","dateModified":"2022-12-23T09:20:27+00:00","breadcrumb":{"@id":"https:\/\/www.grupoavalco.com\/pim\/korman\/condiciones-de-uso\/#breadcrumb"},"inLanguage":"es","potentialAction":[{"@type":"ReadAction","target":["https:\/\/www.grupoavalco.com\/pim\/korman\/condiciones-de-uso\/"]}]},{"@type":"BreadcrumbList","@id":"https:\/\/www.grupoavalco.com\/pim\/korman\/condiciones-de-uso\/#breadcrumb","itemListElement":[{"@type":"ListItem","position":1,"name":"Portada","item":"https:\/\/www.grupoavalco.com\/pim\/"},{"@type":"ListItem","position":2,"name":"Korman","item":"https:\/\/www.grupoavalco.com\/pim\/korman\/"},{"@type":"ListItem","position":3,"name":"Condiciones de uso"}]},{"@type":"WebSite","@id":"https:\/\/www.grupoavalco.com\/pim\/#website","url":"https:\/\/www.grupoavalco.com\/pim\/","name":"Avalco","description":"Avalco PIMweb","publisher":{"@id":"https:\/\/www.grupoavalco.com\/pim\/#organization"},"potentialAction":[{"@type":"SearchAction","target":{"@type":"EntryPoint","urlTemplate":"https:\/\/www.grupoavalco.com\/pim\/?s={search_term_string}"},"query-input":{"@type":"PropertyValueSpecification","valueRequired":true,"valueName":"search_term_string"}}],"inLanguage":"es"},{"@type":"Organization","@id":"https:\/\/www.grupoavalco.com\/pim\/#organization","name":"Avalco","url":"https:\/\/www.grupoavalco.com\/pim\/","logo":{"@type":"ImageObject","inLanguage":"es","@id":"https:\/\/www.grupoavalco.com\/pim\/#\/schema\/logo\/image\/","url":"https:\/\/www.grupoavalco.com\/pim\/wp-content\/uploads\/2021\/11\/logoAvalco.png","contentUrl":"https:\/\/www.grupoavalco.com\/pim\/wp-content\/uploads\/2021\/11\/logoAvalco.png","width":194,"height":36,"caption":"Avalco"},"image":{"@id":"https:\/\/www.grupoavalco.com\/pim\/#\/schema\/logo\/image\/"}}]}},"uagb_featured_image_src":{"full":false,"thumbnail":false,"medium":false,"medium_large":false,"large":false,"1536x1536":false,"2048x2048":false,"post-thumbnail":false},"uagb_author_info":{"display_name":"7ac8961b9e","author_link":"https:\/\/www.grupoavalco.com\/pim\/author\/kike\/"},"uagb_comment_info":0,"uagb_excerpt":"Condiciones de uso En cumplimiento de la Ley 34\/2002, de 11 de julio, de Servicios de la Sociedad de la Informaci\u00f3n y de Comercio Electr\u00f3nico (LSSI-CE), AVALCO AGRUPACION DE ALMACENISTAS DE FONTANERIA Y CLIMATIZACION SL informa que es titular del sitio web&nbsp;www.grupoavalco.com&nbsp;. De acuerdo con la exigencia del art\u00edculo 10 de la citada Ley, AVALCO&hellip;&hellip;","_links":{"self":[{"href":"https:\/\/www.grupoavalco.com\/pim\/wp-json\/wp\/v2\/pages\/557153","targetHints":{"allow":["GET"]}}],"collection":[{"href":"https:\/\/www.grupoavalco.com\/pim\/wp-json\/wp\/v2\/pages"}],"about":[{"href":"https:\/\/www.grupoavalco.com\/pim\/wp-json\/wp\/v2\/types\/page"}],"author":[{"embeddable":true,"href":"https:\/\/www.grupoavalco.com\/pim\/wp-json\/wp\/v2\/users\/1"}],"replies":[{"embeddable":true,"href":"https:\/\/www.grupoavalco.com\/pim\/wp-json\/wp\/v2\/comments?post=557153"}],"version-history":[{"count":17,"href":"https:\/\/www.grupoavalco.com\/pim\/wp-json\/wp\/v2\/pages\/557153\/revisions"}],"predecessor-version":[{"id":557262,"href":"https:\/\/www.grupoavalco.com\/pim\/wp-json\/wp\/v2\/pages\/557153\/revisions\/557262"}],"up":[{"embeddable":true,"href":"https:\/\/www.grupoavalco.com\/pim\/wp-json\/wp\/v2\/pages\/556629"}],"wp:attachment":[{"href":"https:\/\/www.grupoavalco.com\/pim\/wp-json\/wp\/v2\/media?parent=557153"}],"curies":[{"name":"wp","href":"https:\/\/api.w.org\/{rel}","templated":true}]}}